{"id":34,"date":"2023-07-10T19:25:30","date_gmt":"2023-07-10T17:25:30","guid":{"rendered":"https:\/\/ramenetamaille.fr\/?page_id=34"},"modified":"2024-12-11T21:27:59","modified_gmt":"2024-12-11T20:27:59","slug":"a-propos","status":"publish","type":"page","link":"https:\/\/ramenetamaille.fr\/index.php\/a-propos\/","title":{"rendered":"A propos"},"content":{"rendered":"\n<div class=\"wp-block-media-text is-stacked-on-mobile has-medium-font-size\"><figure class=\"wp-block-media-text__media\"><img loading=\"lazy\" decoding=\"async\" width=\"1008\" height=\"1024\" src=\"http:\/\/ramenetamaille.fr\/wp-content\/uploads\/2024\/12\/274223734_10161579520698098_4830404176315044988_n-1008x1024.jpg\" alt=\"\" class=\"wp-image-61 size-full\" srcset=\"https:\/\/ramenetamaille.fr\/wp-content\/uploads\/2024\/12\/274223734_10161579520698098_4830404176315044988_n-1008x1024.jpg 1008w, https:\/\/ramenetamaille.fr\/wp-content\/uploads\/2024\/12\/274223734_10161579520698098_4830404176315044988_n-295x300.jpg 295w, https:\/\/ramenetamaille.fr\/wp-content\/uploads\/2024\/12\/274223734_10161579520698098_4830404176315044988_n-768x780.jpg 768w, https:\/\/ramenetamaille.fr\/wp-content\/uploads\/2024\/12\/274223734_10161579520698098_4830404176315044988_n-600x609.jpg 600w, https:\/\/ramenetamaille.fr\/wp-content\/uploads\/2024\/12\/274223734_10161579520698098_4830404176315044988_n.jpg 1025w\" sizes=\"auto, (max-width: 1008px) 100vw, 1008px\" \/><\/figure><div class=\"wp-block-media-text__content\">\n<p class=\"has-large-font-size\">Je suis Juliette, artiste plasticienne.<\/p>\n\n\n\n<p class=\"has-large-font-size\">J&rsquo;ai \u00e9tudi\u00e9 les Arts Appliqu\u00e9s, travaill\u00e9 dans plusieurs ateliers et studios. Freelance depuis plusieurs ann\u00e9es, j&rsquo;aime collaborer pour des pi\u00e8ces graphiques, textiles et des ateliers cr\u00e9atifs ! Les projets pour et avec les enfants m&rsquo;inspirent beaucoup.<\/p>\n\n\n\n<p class=\"has-large-font-size\">Mon univers est color\u00e9 et p\u00e9tillant. Le v\u00e9g\u00e9tal y a une place tr\u00e8s importante.<\/p>\n<\/div><\/div>\n\n\n\n<p><\/p>\n\n\n\n<p>\u00a0<\/p>\n","protected":false},"excerpt":{"rendered":"<p>Je suis Juliette, artiste plasticienne. J&rsquo;ai \u00e9tudi\u00e9 les Arts Appliqu\u00e9s, travaill\u00e9 dans plusieurs ateliers et studios. Freelance depuis plusieurs ann\u00e9es, j&rsquo;aime collaborer pour des pi\u00e8ces graphiques, textiles et des ateliers cr\u00e9atifs ! Les projets pour et avec les enfants m&rsquo;inspirent beaucoup. Mon univers est color\u00e9 et p\u00e9tillant. Le v\u00e9g\u00e9tal y a une place tr\u00e8s importante. \u00a0<\/p>\n","protected":false},"author":1,"featured_media":0,"parent":0,"menu_order":0,"comment_status":"closed","ping_status":"closed","template":"","meta":{"footnotes":""},"class_list":["post-34","page","type-page","status-publish","hentry"],"_links":{"self":[{"href":"https:\/\/ramenetamaille.fr\/index.php\/wp-json\/wp\/v2\/pages\/34","targetHints":{"allow":["GET"]}}],"collection":[{"href":"https:\/\/ramenetamaille.fr\/index.php\/wp-json\/wp\/v2\/pages"}],"about":[{"href":"https:\/\/ramenetamaille.fr\/index.php\/wp-json\/wp\/v2\/types\/page"}],"author":[{"embeddable":true,"href":"https:\/\/ramenetamaille.fr\/index.php\/wp-json\/wp\/v2\/users\/1"}],"replies":[{"embeddable":true,"href":"https:\/\/ramenetamaille.fr\/index.php\/wp-json\/wp\/v2\/comments?post=34"}],"version-history":[{"count":14,"href":"https:\/\/ramenetamaille.fr\/index.php\/wp-json\/wp\/v2\/pages\/34\/revisions"}],"predecessor-version":[{"id":163,"href":"https:\/\/ramenetamaille.fr\/index.php\/wp-json\/wp\/v2\/pages\/34\/revisions\/163"}],"wp:attachment":[{"href":"https:\/\/ramenetamaille.fr\/index.php\/wp-json\/wp\/v2\/media?parent=34"}],"curies":[{"name":"wp","href":"https:\/\/api.w.org\/{rel}","templated":true}]}}